{"id":7947,"date":"2019-05-08T00:00:00","date_gmt":"2019-05-08T04:00:00","guid":{"rendered":"https:\/\/www.racketlon.ca\/?page_id=7947"},"modified":"2019-05-08T00:00:00","modified_gmt":"2019-05-08T04:00:00","slug":"le-classement-canadien-est-a-jour-apres-northampton","status":"publish","type":"page","link":"https:\/\/www.racketlon.ca\/fr\/le-classement-canadien-est-a-jour-apres-northampton\/","title":{"rendered":"Le classement canadien est \u00e0 jour apr\u00e8s Northampton"},"content":{"rendered":" <p>Plusieurs joueurs ont \u00e9t\u00e9 actifs \u00e0 la fin du mois de mai en se rendant au Massachusetts pour la 3e \u00e9dition de ce tournoi international.  Le tournoi fut en grande partie domin\u00e9 par les  qu\u00e9b\u00e9cois.  Un article complet suivra.  Vous pouvez d\u00e8s maintenant consulter le classement.<\/p> ","protected":false},"excerpt":{"rendered":"<p> [&#8230;]<\/p>\n<p><a class=\"btn btn-secondary understrap-read-more-link\" href=\"https:\/\/www.racketlon.ca\/fr\/le-classement-canadien-est-a-jour-apres-northampton\/\">Lire la suite\u2026<span class=\"screen-reader-text\"> from Le classement canadien est \u00e0 jour apr\u00e8s Northampton<\/span><\/a><\/p>\n","protected":false},"author":1,"featured_media":0,"parent":0,"menu_order":0,"comment_status":"open","ping_status":"open","template":"","meta":{"footnotes":""},"class_list":["post-7947","page","type-page","status-publish","hentry"],"yoast_head":"<!-- This site is optimized with the Yoast SEO plugin v22.9 - https:\/\/yoast.com\/wordpress\/plugins\/seo\/ -->\n<title>Le classement canadien est \u00e0 jour apr\u00e8s Northampton - Racketlon Canada<\/title>\n<meta name=\"robots\" content=\"index, follow, max-snippet:-1, max-image-preview:large, max-video-preview:-1\" \/>\n<link rel=\"canonical\" href=\"https:\/\/www.racketlon.ca\/fr\/le-classement-canadien-est-a-jour-apres-northampton\/\" \/>\n<meta property=\"og:locale\" content=\"fr_FR\" \/>\n<meta property=\"og:type\" content=\"article\" \/>\n<meta property=\"og:title\" content=\"Le classement canadien est \u00e0 jour apr\u00e8s Northampton - Racketlon Canada\" \/>\n<meta property=\"og:description\" content=\"[...]Lire la suite\u2026 from Le classement canadien est \u00e0 jour apr\u00e8s Northampton\" \/>\n<meta property=\"og:url\" content=\"https:\/\/www.racketlon.ca\/fr\/le-classement-canadien-est-a-jour-apres-northampton\/\" \/>\n<meta property=\"og:site_name\" content=\"Racketlon Canada\" \/>\n<meta name=\"twitter:card\" content=\"summary_large_image\" \/>\n<script type=\"application\/ld+json\" class=\"yoast-schema-graph\">{\"@context\":\"https:\/\/schema.org\",\"@graph\":[{\"@type\":\"WebPage\",\"@id\":\"https:\/\/www.racketlon.ca\/fr\/le-classement-canadien-est-a-jour-apres-northampton\/\",\"url\":\"https:\/\/www.racketlon.ca\/fr\/le-classement-canadien-est-a-jour-apres-northampton\/\",\"name\":\"Le classement canadien est \u00e0 jour apr\u00e8s Northampton - Racketlon Canada\",\"isPartOf\":{\"@id\":\"https:\/\/www.racketlon.ca\/fr\/#website\"},\"datePublished\":\"2019-05-08T04:00:00+00:00\",\"dateModified\":\"2019-05-08T04:00:00+00:00\",\"breadcrumb\":{\"@id\":\"https:\/\/www.racketlon.ca\/fr\/le-classement-canadien-est-a-jour-apres-northampton\/#breadcrumb\"},\"inLanguage\":\"fr-FR\",\"potentialAction\":[{\"@type\":\"ReadAction\",\"target\":[\"https:\/\/www.racketlon.ca\/fr\/le-classement-canadien-est-a-jour-apres-northampton\/\"]}]},{\"@type\":\"BreadcrumbList\",\"@id\":\"https:\/\/www.racketlon.ca\/fr\/le-classement-canadien-est-a-jour-apres-northampton\/#breadcrumb\",\"itemListElement\":[{\"@type\":\"ListItem\",\"position\":1,\"name\":\"Accueil\",\"item\":\"https:\/\/www.racketlon.ca\/fr\/bienvenue-chez-racketlon-canada\/\"},{\"@type\":\"ListItem\",\"position\":2,\"name\":\"Le classement canadien est \u00e0 jour apr\u00e8s Northampton\"}]},{\"@type\":\"WebSite\",\"@id\":\"https:\/\/www.racketlon.ca\/fr\/#website\",\"url\":\"https:\/\/www.racketlon.ca\/fr\/\",\"name\":\"Racketlon Canada\",\"description\":\"Racketlon is the combination of the four biggest racket sports in the world: Table Tennis, Badminton, Squash and Tennis.\",\"potentialAction\":[{\"@type\":\"SearchAction\",\"target\":{\"@type\":\"EntryPoint\",\"urlTemplate\":\"https:\/\/www.racketlon.ca\/fr\/?s={search_term_string}\"},\"query-input\":\"required name=search_term_string\"}],\"inLanguage\":\"fr-FR\"}]}<\/script>\n<!-- \/ Yoast SEO plugin. -->","yoast_head_json":{"title":"Le classement canadien est \u00e0 jour apr\u00e8s Northampton - Racketlon Canada","robots":{"index":"index","follow":"follow","max-snippet":"max-snippet:-1","max-image-preview":"max-image-preview:large","max-video-preview":"max-video-preview:-1"},"canonical":"https:\/\/www.racketlon.ca\/fr\/le-classement-canadien-est-a-jour-apres-northampton\/","og_locale":"fr_FR","og_type":"article","og_title":"Le classement canadien est \u00e0 jour apr\u00e8s Northampton - Racketlon Canada","og_description":"[...]Lire la suite\u2026 from Le classement canadien est \u00e0 jour apr\u00e8s Northampton","og_url":"https:\/\/www.racketlon.ca\/fr\/le-classement-canadien-est-a-jour-apres-northampton\/","og_site_name":"Racketlon Canada","twitter_card":"summary_large_image","schema":{"@context":"https:\/\/schema.org","@graph":[{"@type":"WebPage","@id":"https:\/\/www.racketlon.ca\/fr\/le-classement-canadien-est-a-jour-apres-northampton\/","url":"https:\/\/www.racketlon.ca\/fr\/le-classement-canadien-est-a-jour-apres-northampton\/","name":"Le classement canadien est \u00e0 jour apr\u00e8s Northampton - Racketlon Canada","isPartOf":{"@id":"https:\/\/www.racketlon.ca\/fr\/#website"},"datePublished":"2019-05-08T04:00:00+00:00","dateModified":"2019-05-08T04:00:00+00:00","breadcrumb":{"@id":"https:\/\/www.racketlon.ca\/fr\/le-classement-canadien-est-a-jour-apres-northampton\/#breadcrumb"},"inLanguage":"fr-FR","potentialAction":[{"@type":"ReadAction","target":["https:\/\/www.racketlon.ca\/fr\/le-classement-canadien-est-a-jour-apres-northampton\/"]}]},{"@type":"BreadcrumbList","@id":"https:\/\/www.racketlon.ca\/fr\/le-classement-canadien-est-a-jour-apres-northampton\/#breadcrumb","itemListElement":[{"@type":"ListItem","position":1,"name":"Accueil","item":"https:\/\/www.racketlon.ca\/fr\/bienvenue-chez-racketlon-canada\/"},{"@type":"ListItem","position":2,"name":"Le classement canadien est \u00e0 jour apr\u00e8s Northampton"}]},{"@type":"WebSite","@id":"https:\/\/www.racketlon.ca\/fr\/#website","url":"https:\/\/www.racketlon.ca\/fr\/","name":"Racketlon Canada","description":"Racketlon is the combination of the four biggest racket sports in the world: Table Tennis, Badminton, Squash and Tennis.","potentialAction":[{"@type":"SearchAction","target":{"@type":"EntryPoint","urlTemplate":"https:\/\/www.racketlon.ca\/fr\/?s={search_term_string}"},"query-input":"required name=search_term_string"}],"inLanguage":"fr-FR"}]}},"_links":{"self":[{"href":"https:\/\/www.racketlon.ca\/fr\/wp-json\/wp\/v2\/pages\/7947","targetHints":{"allow":["GET"]}}],"collection":[{"href":"https:\/\/www.racketlon.ca\/fr\/wp-json\/wp\/v2\/pages"}],"about":[{"href":"https:\/\/www.racketlon.ca\/fr\/wp-json\/wp\/v2\/types\/page"}],"author":[{"embeddable":true,"href":"https:\/\/www.racketlon.ca\/fr\/wp-json\/wp\/v2\/users\/1"}],"replies":[{"embeddable":true,"href":"https:\/\/www.racketlon.ca\/fr\/wp-json\/wp\/v2\/comments?post=7947"}],"version-history":[{"count":0,"href":"https:\/\/www.racketlon.ca\/fr\/wp-json\/wp\/v2\/pages\/7947\/revisions"}],"wp:attachment":[{"href":"https:\/\/www.racketlon.ca\/fr\/wp-json\/wp\/v2\/media?parent=7947"}],"curies":[{"name":"wp","href":"https:\/\/api.w.org\/{rel}","templated":true}]}}