{"id":7940,"date":"2012-12-06T00:00:00","date_gmt":"2012-12-06T05:00:00","guid":{"rendered":"https:\/\/www.racketlon.ca\/?page_id=7940"},"modified":"2012-12-06T00:00:00","modified_gmt":"2012-12-06T05:00:00","slug":"les-exigences-pour-accueillir-un-tournoi","status":"publish","type":"page","link":"https:\/\/www.racketlon.ca\/fr\/a-propos\/racketloncanada\/organiser-tournoi\/les-exigences-pour-accueillir-un-tournoi\/","title":{"rendered":"Les exigences pour accueillir un tournoi"},"content":{"rendered":"<p>Cliquez sur lien pour acc\u00e9der au document officiel contenant les pr\u00e9-requis pour organiser un tournoi.  Nous nous excusons, il n&rsquo;a pas encore \u00e9t\u00e9 traduit en fran\u00e7ais.  <span style=\"text-decoration: underline;\"><strong><span style=\"color: #0000ff;\"><a href=\"https:\/\/www.racketlon.ca\/wp-content\/uploads\/2012\/12\/RACKETLON-Can-current-tournament-requirements1.pdf\"><span style=\"color: #0000ff; text-decoration: underline;\">RACKETLON Can current tournament requirements<\/span><\/a><\/span><\/strong><\/span><\/p>\n","protected":false},"excerpt":{"rendered":"<p> [&#8230;]<\/p>\n<p><a class=\"btn btn-secondary understrap-read-more-link\" href=\"https:\/\/www.racketlon.ca\/fr\/a-propos\/racketloncanada\/organiser-tournoi\/les-exigences-pour-accueillir-un-tournoi\/\">Lire la suite\u2026<span class=\"screen-reader-text\"> from Les exigences pour accueillir un tournoi<\/span><\/a><\/p>\n","protected":false},"author":1,"featured_media":0,"parent":7932,"menu_order":0,"comment_status":"open","ping_status":"open","template":"","meta":{"footnotes":""},"class_list":["post-7940","page","type-page","status-publish","hentry"],"yoast_head":"<!-- This site is optimized with the Yoast SEO plugin v22.9 - https:\/\/yoast.com\/wordpress\/plugins\/seo\/ -->\n<title>Les exigences pour accueillir un tournoi - Racketlon Canada<\/title>\n<meta name=\"robots\" content=\"index, follow, max-snippet:-1, max-image-preview:large, max-video-preview:-1\" \/>\n<link rel=\"canonical\" href=\"https:\/\/www.racketlon.ca\/fr\/a-propos\/racketloncanada\/organiser-tournoi\/les-exigences-pour-accueillir-un-tournoi\/\" \/>\n<meta property=\"og:locale\" content=\"fr_FR\" \/>\n<meta property=\"og:type\" content=\"article\" \/>\n<meta property=\"og:title\" content=\"Les exigences pour accueillir un tournoi - Racketlon Canada\" \/>\n<meta property=\"og:description\" content=\"[...]Lire la suite\u2026 from Les exigences pour accueillir un tournoi\" \/>\n<meta property=\"og:url\" content=\"https:\/\/www.racketlon.ca\/fr\/a-propos\/racketloncanada\/organiser-tournoi\/les-exigences-pour-accueillir-un-tournoi\/\" \/>\n<meta property=\"og:site_name\" content=\"Racketlon Canada\" \/>\n<meta name=\"twitter:card\" content=\"summary_large_image\" \/>\n<script type=\"application\/ld+json\" class=\"yoast-schema-graph\">{\"@context\":\"https:\/\/schema.org\",\"@graph\":[{\"@type\":\"WebPage\",\"@id\":\"https:\/\/www.racketlon.ca\/fr\/a-propos\/racketloncanada\/organiser-tournoi\/les-exigences-pour-accueillir-un-tournoi\/\",\"url\":\"https:\/\/www.racketlon.ca\/fr\/a-propos\/racketloncanada\/organiser-tournoi\/les-exigences-pour-accueillir-un-tournoi\/\",\"name\":\"Les exigences pour accueillir un tournoi - Racketlon Canada\",\"isPartOf\":{\"@id\":\"https:\/\/www.racketlon.ca\/fr\/#website\"},\"datePublished\":\"2012-12-06T05:00:00+00:00\",\"dateModified\":\"2012-12-06T05:00:00+00:00\",\"breadcrumb\":{\"@id\":\"https:\/\/www.racketlon.ca\/fr\/a-propos\/racketloncanada\/organiser-tournoi\/les-exigences-pour-accueillir-un-tournoi\/#breadcrumb\"},\"inLanguage\":\"fr-FR\",\"potentialAction\":[{\"@type\":\"ReadAction\",\"target\":[\"https:\/\/www.racketlon.ca\/fr\/a-propos\/racketloncanada\/organiser-tournoi\/les-exigences-pour-accueillir-un-tournoi\/\"]}]},{\"@type\":\"BreadcrumbList\",\"@id\":\"https:\/\/www.racketlon.ca\/fr\/a-propos\/racketloncanada\/organiser-tournoi\/les-exigences-pour-accueillir-un-tournoi\/#breadcrumb\",\"itemListElement\":[{\"@type\":\"ListItem\",\"position\":1,\"name\":\"Accueil\",\"item\":\"https:\/\/www.racketlon.ca\/fr\/bienvenue-chez-racketlon-canada\/\"},{\"@type\":\"ListItem\",\"position\":2,\"name\":\"\u00c0 propos\",\"item\":\"https:\/\/www.racketlon.ca\/fr\/a-propos\/\"},{\"@type\":\"ListItem\",\"position\":3,\"name\":\"Racketlon Canada\",\"item\":\"https:\/\/www.racketlon.ca\/fr\/a-propos\/racketloncanada\/\"},{\"@type\":\"ListItem\",\"position\":4,\"name\":\"Organiser un tournoi de racketlon\",\"item\":\"https:\/\/www.racketlon.ca\/fr\/a-propos\/racketloncanada\/organiser-tournoi\/\"},{\"@type\":\"ListItem\",\"position\":5,\"name\":\"Les exigences pour accueillir un tournoi\"}]},{\"@type\":\"WebSite\",\"@id\":\"https:\/\/www.racketlon.ca\/fr\/#website\",\"url\":\"https:\/\/www.racketlon.ca\/fr\/\",\"name\":\"Racketlon Canada\",\"description\":\"Racketlon is the combination of the four biggest racket sports in the world: Table Tennis, Badminton, Squash and Tennis.\",\"potentialAction\":[{\"@type\":\"SearchAction\",\"target\":{\"@type\":\"EntryPoint\",\"urlTemplate\":\"https:\/\/www.racketlon.ca\/fr\/?s={search_term_string}\"},\"query-input\":\"required name=search_term_string\"}],\"inLanguage\":\"fr-FR\"}]}<\/script>\n<!-- \/ Yoast SEO plugin. -->","yoast_head_json":{"title":"Les exigences pour accueillir un tournoi - Racketlon Canada","robots":{"index":"index","follow":"follow","max-snippet":"max-snippet:-1","max-image-preview":"max-image-preview:large","max-video-preview":"max-video-preview:-1"},"canonical":"https:\/\/www.racketlon.ca\/fr\/a-propos\/racketloncanada\/organiser-tournoi\/les-exigences-pour-accueillir-un-tournoi\/","og_locale":"fr_FR","og_type":"article","og_title":"Les exigences pour accueillir un tournoi - Racketlon Canada","og_description":"[...]Lire la suite\u2026 from Les exigences pour accueillir un tournoi","og_url":"https:\/\/www.racketlon.ca\/fr\/a-propos\/racketloncanada\/organiser-tournoi\/les-exigences-pour-accueillir-un-tournoi\/","og_site_name":"Racketlon Canada","twitter_card":"summary_large_image","schema":{"@context":"https:\/\/schema.org","@graph":[{"@type":"WebPage","@id":"https:\/\/www.racketlon.ca\/fr\/a-propos\/racketloncanada\/organiser-tournoi\/les-exigences-pour-accueillir-un-tournoi\/","url":"https:\/\/www.racketlon.ca\/fr\/a-propos\/racketloncanada\/organiser-tournoi\/les-exigences-pour-accueillir-un-tournoi\/","name":"Les exigences pour accueillir un tournoi - Racketlon Canada","isPartOf":{"@id":"https:\/\/www.racketlon.ca\/fr\/#website"},"datePublished":"2012-12-06T05:00:00+00:00","dateModified":"2012-12-06T05:00:00+00:00","breadcrumb":{"@id":"https:\/\/www.racketlon.ca\/fr\/a-propos\/racketloncanada\/organiser-tournoi\/les-exigences-pour-accueillir-un-tournoi\/#breadcrumb"},"inLanguage":"fr-FR","potentialAction":[{"@type":"ReadAction","target":["https:\/\/www.racketlon.ca\/fr\/a-propos\/racketloncanada\/organiser-tournoi\/les-exigences-pour-accueillir-un-tournoi\/"]}]},{"@type":"BreadcrumbList","@id":"https:\/\/www.racketlon.ca\/fr\/a-propos\/racketloncanada\/organiser-tournoi\/les-exigences-pour-accueillir-un-tournoi\/#breadcrumb","itemListElement":[{"@type":"ListItem","position":1,"name":"Accueil","item":"https:\/\/www.racketlon.ca\/fr\/bienvenue-chez-racketlon-canada\/"},{"@type":"ListItem","position":2,"name":"\u00c0 propos","item":"https:\/\/www.racketlon.ca\/fr\/a-propos\/"},{"@type":"ListItem","position":3,"name":"Racketlon Canada","item":"https:\/\/www.racketlon.ca\/fr\/a-propos\/racketloncanada\/"},{"@type":"ListItem","position":4,"name":"Organiser un tournoi de racketlon","item":"https:\/\/www.racketlon.ca\/fr\/a-propos\/racketloncanada\/organiser-tournoi\/"},{"@type":"ListItem","position":5,"name":"Les exigences pour accueillir un tournoi"}]},{"@type":"WebSite","@id":"https:\/\/www.racketlon.ca\/fr\/#website","url":"https:\/\/www.racketlon.ca\/fr\/","name":"Racketlon Canada","description":"Racketlon is the combination of the four biggest racket sports in the world: Table Tennis, Badminton, Squash and Tennis.","potentialAction":[{"@type":"SearchAction","target":{"@type":"EntryPoint","urlTemplate":"https:\/\/www.racketlon.ca\/fr\/?s={search_term_string}"},"query-input":"required name=search_term_string"}],"inLanguage":"fr-FR"}]}},"_links":{"self":[{"href":"https:\/\/www.racketlon.ca\/fr\/wp-json\/wp\/v2\/pages\/7940","targetHints":{"allow":["GET"]}}],"collection":[{"href":"https:\/\/www.racketlon.ca\/fr\/wp-json\/wp\/v2\/pages"}],"about":[{"href":"https:\/\/www.racketlon.ca\/fr\/wp-json\/wp\/v2\/types\/page"}],"author":[{"embeddable":true,"href":"https:\/\/www.racketlon.ca\/fr\/wp-json\/wp\/v2\/users\/1"}],"replies":[{"embeddable":true,"href":"https:\/\/www.racketlon.ca\/fr\/wp-json\/wp\/v2\/comments?post=7940"}],"version-history":[{"count":0,"href":"https:\/\/www.racketlon.ca\/fr\/wp-json\/wp\/v2\/pages\/7940\/revisions"}],"up":[{"embeddable":true,"href":"https:\/\/www.racketlon.ca\/fr\/wp-json\/wp\/v2\/pages\/7932"}],"wp:attachment":[{"href":"https:\/\/www.racketlon.ca\/fr\/wp-json\/wp\/v2\/media?parent=7940"}],"curies":[{"name":"wp","href":"https:\/\/api.w.org\/{rel}","templated":true}]}}