{"id":7931,"date":"2012-08-25T00:00:00","date_gmt":"2012-08-25T04:00:00","guid":{"rendered":"https:\/\/www.racketlon.ca\/?page_id=7931"},"modified":"2012-08-25T00:00:00","modified_gmt":"2012-08-25T04:00:00","slug":"ping-pong","status":"publish","type":"page","link":"https:\/\/www.racketlon.ca\/fr\/a-propos\/racketloncanada\/partenaires\/ping-pong\/","title":{"rendered":"Partenaires de tennis de table"},"content":{"rendered":"<p>Devenir un joueur accompli de racketlon implique un entra\u00eenement dans chaque sport. Voici une collection de liens qui vous permettront de trouver de parfaire votre tennis de table(entra\u00eeneurs, tournois, partenaires, etc.). <\/p>\n<ul>\n<li><a href=\"http:\/\/ttcan.ca\" target=\"_blank\" rel=\"noopener\">Association canadienne du tennis de table<\/a><\/li>\n<li><a href=\"http:\/\/www.abtabletennis.com\/\" target=\"_blank\" rel=\"noopener\">Association de tennis de table de l&rsquo;Alberta<\/a><\/li>\n<li><a href=\"http:\/\/www.bctta.ca\/\" target=\"_blank\" rel=\"noopener\">Association de tennis de table de la Colombie-Britannique<\/a><\/li>\n<li><a href=\"http:\/\/www.mtta.ca\/\" target=\"_blank\" rel=\"noopener\">Association de tennis de table du Manitoba<\/a><\/li>\n<li><a href=\"http:\/\/www.freewebs.com\/nltta\/index.htm\" target=\"_blank\" rel=\"noopener\">Association de tennis de table du Labrador<\/a><\/li>\n<li><a href=\"http:\/\/www.freewebs.com\/nstta\/\" target=\"_blank\" rel=\"noopener\">Association de tennis de table de la Nouvelle-\u00c9cosse<\/a><\/li>\n<li><a href=\"http:\/\/www.ottacanada.com\/\" target=\"_blank\" rel=\"noopener\">Association de tennis de table de l&rsquo;Ontario<\/a><\/li>\n<li><a href=\"http:\/\/www.tennisdetable.ca\/\" target=\"_blank\" rel=\"noopener\">F\u00e9d\u00e9ration du tennis de table du Qu\u00e9bec<\/a><\/li>\n<li><a href=\"http:\/\/www.sktta.ca\/\" target=\"_blank\" rel=\"noopener\">Association de tennis de table de la Saskatchewan<\/a><\/li>\n<\/ul>\n","protected":false},"excerpt":{"rendered":"<p> [&#8230;]<\/p>\n<p><a class=\"btn btn-secondary understrap-read-more-link\" href=\"https:\/\/www.racketlon.ca\/fr\/a-propos\/racketloncanada\/partenaires\/ping-pong\/\">Lire la suite\u2026<span class=\"screen-reader-text\"> from Partenaires de tennis de table<\/span><\/a><\/p>\n","protected":false},"author":1,"featured_media":0,"parent":5979,"menu_order":0,"comment_status":"open","ping_status":"open","template":"","meta":{"footnotes":""},"class_list":["post-7931","page","type-page","status-publish","hentry"],"yoast_head":"<!-- This site is optimized with the Yoast SEO plugin v22.9 - https:\/\/yoast.com\/wordpress\/plugins\/seo\/ -->\n<title>Partenaires de tennis de table - Racketlon Canada<\/title>\n<meta name=\"robots\" content=\"index, follow, max-snippet:-1, max-image-preview:large, max-video-preview:-1\" \/>\n<link rel=\"canonical\" href=\"https:\/\/www.racketlon.ca\/fr\/a-propos\/racketloncanada\/partenaires\/ping-pong\/\" \/>\n<meta property=\"og:locale\" content=\"fr_FR\" \/>\n<meta property=\"og:type\" content=\"article\" \/>\n<meta property=\"og:title\" content=\"Partenaires de tennis de table - Racketlon Canada\" \/>\n<meta property=\"og:description\" content=\"[...]Lire la suite\u2026 from Partenaires de tennis de table\" \/>\n<meta property=\"og:url\" content=\"https:\/\/www.racketlon.ca\/fr\/a-propos\/racketloncanada\/partenaires\/ping-pong\/\" \/>\n<meta property=\"og:site_name\" content=\"Racketlon Canada\" \/>\n<meta name=\"twitter:card\" content=\"summary_large_image\" \/>\n<meta name=\"twitter:label1\" content=\"Dur\u00e9e de lecture estim\u00e9e\" \/>\n\t<meta name=\"twitter:data1\" content=\"1 minute\" \/>\n<script type=\"application\/ld+json\" class=\"yoast-schema-graph\">{\"@context\":\"https:\/\/schema.org\",\"@graph\":[{\"@type\":\"WebPage\",\"@id\":\"https:\/\/www.racketlon.ca\/fr\/a-propos\/racketloncanada\/partenaires\/ping-pong\/\",\"url\":\"https:\/\/www.racketlon.ca\/fr\/a-propos\/racketloncanada\/partenaires\/ping-pong\/\",\"name\":\"Partenaires de tennis de table - Racketlon Canada\",\"isPartOf\":{\"@id\":\"https:\/\/www.racketlon.ca\/fr\/#website\"},\"datePublished\":\"2012-08-25T04:00:00+00:00\",\"dateModified\":\"2012-08-25T04:00:00+00:00\",\"breadcrumb\":{\"@id\":\"https:\/\/www.racketlon.ca\/fr\/a-propos\/racketloncanada\/partenaires\/ping-pong\/#breadcrumb\"},\"inLanguage\":\"fr-FR\",\"potentialAction\":[{\"@type\":\"ReadAction\",\"target\":[\"https:\/\/www.racketlon.ca\/fr\/a-propos\/racketloncanada\/partenaires\/ping-pong\/\"]}]},{\"@type\":\"BreadcrumbList\",\"@id\":\"https:\/\/www.racketlon.ca\/fr\/a-propos\/racketloncanada\/partenaires\/ping-pong\/#breadcrumb\",\"itemListElement\":[{\"@type\":\"ListItem\",\"position\":1,\"name\":\"Accueil\",\"item\":\"https:\/\/www.racketlon.ca\/fr\/bienvenue-chez-racketlon-canada\/\"},{\"@type\":\"ListItem\",\"position\":2,\"name\":\"\u00c0 propos\",\"item\":\"https:\/\/www.racketlon.ca\/fr\/a-propos\/\"},{\"@type\":\"ListItem\",\"position\":3,\"name\":\"Racketlon Canada\",\"item\":\"https:\/\/www.racketlon.ca\/fr\/a-propos\/racketloncanada\/\"},{\"@type\":\"ListItem\",\"position\":4,\"name\":\"Partenaires\",\"item\":\"https:\/\/www.racketlon.ca\/fr\/a-propos\/racketloncanada\/partenaires\/\"},{\"@type\":\"ListItem\",\"position\":5,\"name\":\"Partenaires de tennis de table\"}]},{\"@type\":\"WebSite\",\"@id\":\"https:\/\/www.racketlon.ca\/fr\/#website\",\"url\":\"https:\/\/www.racketlon.ca\/fr\/\",\"name\":\"Racketlon Canada\",\"description\":\"Racketlon is the combination of the four biggest racket sports in the world: Table Tennis, Badminton, Squash and Tennis.\",\"potentialAction\":[{\"@type\":\"SearchAction\",\"target\":{\"@type\":\"EntryPoint\",\"urlTemplate\":\"https:\/\/www.racketlon.ca\/fr\/?s={search_term_string}\"},\"query-input\":\"required name=search_term_string\"}],\"inLanguage\":\"fr-FR\"}]}<\/script>\n<!-- \/ Yoast SEO plugin. -->","yoast_head_json":{"title":"Partenaires de tennis de table - Racketlon Canada","robots":{"index":"index","follow":"follow","max-snippet":"max-snippet:-1","max-image-preview":"max-image-preview:large","max-video-preview":"max-video-preview:-1"},"canonical":"https:\/\/www.racketlon.ca\/fr\/a-propos\/racketloncanada\/partenaires\/ping-pong\/","og_locale":"fr_FR","og_type":"article","og_title":"Partenaires de tennis de table - Racketlon Canada","og_description":"[...]Lire la suite\u2026 from Partenaires de tennis de table","og_url":"https:\/\/www.racketlon.ca\/fr\/a-propos\/racketloncanada\/partenaires\/ping-pong\/","og_site_name":"Racketlon Canada","twitter_card":"summary_large_image","twitter_misc":{"Dur\u00e9e de lecture estim\u00e9e":"1 minute"},"schema":{"@context":"https:\/\/schema.org","@graph":[{"@type":"WebPage","@id":"https:\/\/www.racketlon.ca\/fr\/a-propos\/racketloncanada\/partenaires\/ping-pong\/","url":"https:\/\/www.racketlon.ca\/fr\/a-propos\/racketloncanada\/partenaires\/ping-pong\/","name":"Partenaires de tennis de table - Racketlon Canada","isPartOf":{"@id":"https:\/\/www.racketlon.ca\/fr\/#website"},"datePublished":"2012-08-25T04:00:00+00:00","dateModified":"2012-08-25T04:00:00+00:00","breadcrumb":{"@id":"https:\/\/www.racketlon.ca\/fr\/a-propos\/racketloncanada\/partenaires\/ping-pong\/#breadcrumb"},"inLanguage":"fr-FR","potentialAction":[{"@type":"ReadAction","target":["https:\/\/www.racketlon.ca\/fr\/a-propos\/racketloncanada\/partenaires\/ping-pong\/"]}]},{"@type":"BreadcrumbList","@id":"https:\/\/www.racketlon.ca\/fr\/a-propos\/racketloncanada\/partenaires\/ping-pong\/#breadcrumb","itemListElement":[{"@type":"ListItem","position":1,"name":"Accueil","item":"https:\/\/www.racketlon.ca\/fr\/bienvenue-chez-racketlon-canada\/"},{"@type":"ListItem","position":2,"name":"\u00c0 propos","item":"https:\/\/www.racketlon.ca\/fr\/a-propos\/"},{"@type":"ListItem","position":3,"name":"Racketlon Canada","item":"https:\/\/www.racketlon.ca\/fr\/a-propos\/racketloncanada\/"},{"@type":"ListItem","position":4,"name":"Partenaires","item":"https:\/\/www.racketlon.ca\/fr\/a-propos\/racketloncanada\/partenaires\/"},{"@type":"ListItem","position":5,"name":"Partenaires de tennis de table"}]},{"@type":"WebSite","@id":"https:\/\/www.racketlon.ca\/fr\/#website","url":"https:\/\/www.racketlon.ca\/fr\/","name":"Racketlon Canada","description":"Racketlon is the combination of the four biggest racket sports in the world: Table Tennis, Badminton, Squash and Tennis.","potentialAction":[{"@type":"SearchAction","target":{"@type":"EntryPoint","urlTemplate":"https:\/\/www.racketlon.ca\/fr\/?s={search_term_string}"},"query-input":"required name=search_term_string"}],"inLanguage":"fr-FR"}]}},"_links":{"self":[{"href":"https:\/\/www.racketlon.ca\/fr\/wp-json\/wp\/v2\/pages\/7931","targetHints":{"allow":["GET"]}}],"collection":[{"href":"https:\/\/www.racketlon.ca\/fr\/wp-json\/wp\/v2\/pages"}],"about":[{"href":"https:\/\/www.racketlon.ca\/fr\/wp-json\/wp\/v2\/types\/page"}],"author":[{"embeddable":true,"href":"https:\/\/www.racketlon.ca\/fr\/wp-json\/wp\/v2\/users\/1"}],"replies":[{"embeddable":true,"href":"https:\/\/www.racketlon.ca\/fr\/wp-json\/wp\/v2\/comments?post=7931"}],"version-history":[{"count":0,"href":"https:\/\/www.racketlon.ca\/fr\/wp-json\/wp\/v2\/pages\/7931\/revisions"}],"up":[{"embeddable":true,"href":"https:\/\/www.racketlon.ca\/fr\/wp-json\/wp\/v2\/pages\/5979"}],"wp:attachment":[{"href":"https:\/\/www.racketlon.ca\/fr\/wp-json\/wp\/v2\/media?parent=7931"}],"curies":[{"name":"wp","href":"https:\/\/api.w.org\/{rel}","templated":true}]}}