{"id":5980,"date":"2012-08-26T00:00:00","date_gmt":"2012-08-26T04:00:00","guid":{"rendered":"https:\/\/www.racketlon.ca\/?page_id=5980"},"modified":"2022-01-05T10:00:09","modified_gmt":"2022-01-05T15:00:09","slug":"termes-dutilisation","status":"publish","type":"page","link":"https:\/\/www.racketlon.ca\/fr\/termes-dutilisation\/","title":{"rendered":"Termes d&rsquo;utilisation"},"content":{"rendered":"<h2>D\u00e9finitions<\/h2>\n<p> Racketlon Canada d\u00e9finit comme \u00ab\u00a0<em>Organisation\u00a0\u00bb<\/em> <\/p>\n<h2>Termes d&rsquo;utilisation<\/h2>\n<p> En utilisant ce site Web, vous acceptez les termes d&rsquo;utilisation suivants:  L&rsquo;utilisation de ce site Web est faite \u00e0 vos propres risques. Vous acceptez que les auteurs, les diffuseurs et les op\u00e9rateurs du site Web ne sont pas responsables de quelconques pertes associ\u00e9es \u00e0 l&rsquo;usage du site de l&rsquo;Organisation.  Vous acceptez \u00e9galement de ne pas reproduire, vendre ou redistribuer l&rsquo;information contenue ici de quelque mani\u00e8re que ce soit. Une infraction \u00e0 cette condition r\u00e9sultera en une finition du privil\u00e8ge d&rsquo;\u00eatre membre de Racketlon Canada ainsi que de tous les frais associ\u00e9s d\u00e9bours\u00e9s jusqu&rsquo;ici. En cas de d\u00e9lit r\u00e9p\u00e9t\u00e9, l&rsquo;Organisation pourra vous poursuivre en fonction de la Loi. <\/p>\n<h2>Politique de vie priv\u00e9e et anti-Spam<\/h2>\n<p> L&rsquo;Organisation limite la collection d&rsquo;informations personnelles \u00e0 ses besoins. L&rsquo;Organisation ne collecte pas d&rsquo;information de mineurs sans le consentement de leurs gardiens.\u00a0Jamais nous ne vendrons ou louerons votre information personnelle \u00e0 des partis tiers.  L&rsquo;Organisation s&rsquo;oppose \u00e0 tout type d&rsquo;activit\u00e9 dite SPAM, ou pourriels. En cas d&rsquo;infraction, veuillez contacter l&rsquo;Organisation imm\u00e9diatement et nous proc\u00e8derons \u00e0 des modifications.  Lorsque vous visitez le site Web de l&rsquo;Organisation, racketlon.ca, il est possible qu&rsquo;un \u00ab\u00a0cookie\u00a0\u00bb, commun\u00e9ment appel\u00e9 t\u00e9moin, soit plac\u00e9 ou lu sur votre ordinateur afin de mieux vous reconna\u00eetre.  L&rsquo;Organisation partagera votre information si elle est tenue par la Loi.  <em>Actualis\u00e9 le 26 ao\u00fbt 2012<\/em><\/p>\n","protected":false},"excerpt":{"rendered":"<p> [&#8230;]<\/p>\n<p><a class=\"btn btn-secondary understrap-read-more-link\" href=\"https:\/\/www.racketlon.ca\/fr\/termes-dutilisation\/\">Lire la suite\u2026<span class=\"screen-reader-text\"> from Termes d&rsquo;utilisation<\/span><\/a><\/p>\n","protected":false},"author":1,"featured_media":0,"parent":0,"menu_order":0,"comment_status":"open","ping_status":"open","template":"","meta":{"footnotes":""},"class_list":["post-5980","page","type-page","status-publish","hentry"],"yoast_head":"<!-- This site is optimized with the Yoast SEO plugin v22.9 - https:\/\/yoast.com\/wordpress\/plugins\/seo\/ -->\n<title>Termes d&#039;utilisation - Racketlon Canada<\/title>\n<meta name=\"robots\" content=\"index, follow, max-snippet:-1, max-image-preview:large, max-video-preview:-1\" \/>\n<link rel=\"canonical\" href=\"https:\/\/www.racketlon.ca\/fr\/termes-dutilisation\/\" \/>\n<meta property=\"og:locale\" content=\"fr_FR\" \/>\n<meta property=\"og:type\" content=\"article\" \/>\n<meta property=\"og:title\" content=\"Termes d&#039;utilisation - Racketlon Canada\" \/>\n<meta property=\"og:description\" content=\"[...]Lire la suite\u2026 from Termes d&rsquo;utilisation\" \/>\n<meta property=\"og:url\" content=\"https:\/\/www.racketlon.ca\/fr\/termes-dutilisation\/\" \/>\n<meta property=\"og:site_name\" content=\"Racketlon Canada\" \/>\n<meta property=\"article:modified_time\" content=\"2022-01-05T15:00:09+00:00\" \/>\n<meta name=\"twitter:card\" content=\"summary_large_image\" \/>\n<meta name=\"twitter:label1\" content=\"Dur\u00e9e de lecture estim\u00e9e\" \/>\n\t<meta name=\"twitter:data1\" content=\"1 minute\" \/>\n<script type=\"application\/ld+json\" class=\"yoast-schema-graph\">{\"@context\":\"https:\/\/schema.org\",\"@graph\":[{\"@type\":\"WebPage\",\"@id\":\"https:\/\/www.racketlon.ca\/fr\/termes-dutilisation\/\",\"url\":\"https:\/\/www.racketlon.ca\/fr\/termes-dutilisation\/\",\"name\":\"Termes d'utilisation - Racketlon Canada\",\"isPartOf\":{\"@id\":\"https:\/\/www.racketlon.ca\/fr\/#website\"},\"datePublished\":\"2012-08-26T04:00:00+00:00\",\"dateModified\":\"2022-01-05T15:00:09+00:00\",\"breadcrumb\":{\"@id\":\"https:\/\/www.racketlon.ca\/fr\/termes-dutilisation\/#breadcrumb\"},\"inLanguage\":\"fr-FR\",\"potentialAction\":[{\"@type\":\"ReadAction\",\"target\":[\"https:\/\/www.racketlon.ca\/fr\/termes-dutilisation\/\"]}]},{\"@type\":\"BreadcrumbList\",\"@id\":\"https:\/\/www.racketlon.ca\/fr\/termes-dutilisation\/#breadcrumb\",\"itemListElement\":[{\"@type\":\"ListItem\",\"position\":1,\"name\":\"Accueil\",\"item\":\"https:\/\/www.racketlon.ca\/fr\/bienvenue-chez-racketlon-canada\/\"},{\"@type\":\"ListItem\",\"position\":2,\"name\":\"Termes d&#8217;utilisation\"}]},{\"@type\":\"WebSite\",\"@id\":\"https:\/\/www.racketlon.ca\/fr\/#website\",\"url\":\"https:\/\/www.racketlon.ca\/fr\/\",\"name\":\"Racketlon Canada\",\"description\":\"Racketlon is the combination of the four biggest racket sports in the world: Table Tennis, Badminton, Squash and Tennis.\",\"potentialAction\":[{\"@type\":\"SearchAction\",\"target\":{\"@type\":\"EntryPoint\",\"urlTemplate\":\"https:\/\/www.racketlon.ca\/fr\/?s={search_term_string}\"},\"query-input\":\"required name=search_term_string\"}],\"inLanguage\":\"fr-FR\"}]}<\/script>\n<!-- \/ Yoast SEO plugin. -->","yoast_head_json":{"title":"Termes d'utilisation - Racketlon Canada","robots":{"index":"index","follow":"follow","max-snippet":"max-snippet:-1","max-image-preview":"max-image-preview:large","max-video-preview":"max-video-preview:-1"},"canonical":"https:\/\/www.racketlon.ca\/fr\/termes-dutilisation\/","og_locale":"fr_FR","og_type":"article","og_title":"Termes d'utilisation - Racketlon Canada","og_description":"[...]Lire la suite\u2026 from Termes d&rsquo;utilisation","og_url":"https:\/\/www.racketlon.ca\/fr\/termes-dutilisation\/","og_site_name":"Racketlon Canada","article_modified_time":"2022-01-05T15:00:09+00:00","twitter_card":"summary_large_image","twitter_misc":{"Dur\u00e9e de lecture estim\u00e9e":"1 minute"},"schema":{"@context":"https:\/\/schema.org","@graph":[{"@type":"WebPage","@id":"https:\/\/www.racketlon.ca\/fr\/termes-dutilisation\/","url":"https:\/\/www.racketlon.ca\/fr\/termes-dutilisation\/","name":"Termes d'utilisation - Racketlon Canada","isPartOf":{"@id":"https:\/\/www.racketlon.ca\/fr\/#website"},"datePublished":"2012-08-26T04:00:00+00:00","dateModified":"2022-01-05T15:00:09+00:00","breadcrumb":{"@id":"https:\/\/www.racketlon.ca\/fr\/termes-dutilisation\/#breadcrumb"},"inLanguage":"fr-FR","potentialAction":[{"@type":"ReadAction","target":["https:\/\/www.racketlon.ca\/fr\/termes-dutilisation\/"]}]},{"@type":"BreadcrumbList","@id":"https:\/\/www.racketlon.ca\/fr\/termes-dutilisation\/#breadcrumb","itemListElement":[{"@type":"ListItem","position":1,"name":"Accueil","item":"https:\/\/www.racketlon.ca\/fr\/bienvenue-chez-racketlon-canada\/"},{"@type":"ListItem","position":2,"name":"Termes d&#8217;utilisation"}]},{"@type":"WebSite","@id":"https:\/\/www.racketlon.ca\/fr\/#website","url":"https:\/\/www.racketlon.ca\/fr\/","name":"Racketlon Canada","description":"Racketlon is the combination of the four biggest racket sports in the world: Table Tennis, Badminton, Squash and Tennis.","potentialAction":[{"@type":"SearchAction","target":{"@type":"EntryPoint","urlTemplate":"https:\/\/www.racketlon.ca\/fr\/?s={search_term_string}"},"query-input":"required name=search_term_string"}],"inLanguage":"fr-FR"}]}},"_links":{"self":[{"href":"https:\/\/www.racketlon.ca\/fr\/wp-json\/wp\/v2\/pages\/5980","targetHints":{"allow":["GET"]}}],"collection":[{"href":"https:\/\/www.racketlon.ca\/fr\/wp-json\/wp\/v2\/pages"}],"about":[{"href":"https:\/\/www.racketlon.ca\/fr\/wp-json\/wp\/v2\/types\/page"}],"author":[{"embeddable":true,"href":"https:\/\/www.racketlon.ca\/fr\/wp-json\/wp\/v2\/users\/1"}],"replies":[{"embeddable":true,"href":"https:\/\/www.racketlon.ca\/fr\/wp-json\/wp\/v2\/comments?post=5980"}],"version-history":[{"count":0,"href":"https:\/\/www.racketlon.ca\/fr\/wp-json\/wp\/v2\/pages\/5980\/revisions"}],"wp:attachment":[{"href":"https:\/\/www.racketlon.ca\/fr\/wp-json\/wp\/v2\/media?parent=5980"}],"curies":[{"name":"wp","href":"https:\/\/api.w.org\/{rel}","templated":true}]}}