{"id":5976,"date":"2012-08-22T00:00:00","date_gmt":"2012-08-22T04:00:00","guid":{"rendered":"https:\/\/www.racketlon.ca\/?page_id=5976"},"modified":"2012-08-22T00:00:00","modified_gmt":"2012-08-22T04:00:00","slug":"benevolat","status":"publish","type":"page","link":"https:\/\/www.racketlon.ca\/fr\/a-propos\/racketloncanada\/benevolat\/","title":{"rendered":"B\u00e9n\u00e9voles"},"content":{"rendered":"<p>Il existe plusieurs mani\u00e8res de contribuer au d\u00e9veloppement de Racketlon Canada: <\/p>\n<ul>\n<li>En joignant le Conseil d&rsquo;Administration<\/li>\n<li>En organisant un tournoi<\/li>\n<li>En contribuant aux articles sur le site Web<\/li>\n<li>En trouvant des commanditaires<\/li>\n<\/ul>\n<p> Contactez Racketlon Canada pour mentionner votre int\u00e9r\u00eat, un membre du Conseil d&rsquo;administration discutera avec vous pour un r\u00f4le<\/p>\n","protected":false},"excerpt":{"rendered":"<p> [&#8230;]<\/p>\n<p><a class=\"btn btn-secondary understrap-read-more-link\" href=\"https:\/\/www.racketlon.ca\/fr\/a-propos\/racketloncanada\/benevolat\/\">Lire la suite\u2026<span class=\"screen-reader-text\"> from B\u00e9n\u00e9voles<\/span><\/a><\/p>\n","protected":false},"author":1,"featured_media":0,"parent":5968,"menu_order":0,"comment_status":"open","ping_status":"open","template":"","meta":{"footnotes":""},"class_list":["post-5976","page","type-page","status-publish","hentry"],"yoast_head":"<!-- This site is optimized with the Yoast SEO plugin v22.9 - https:\/\/yoast.com\/wordpress\/plugins\/seo\/ -->\n<title>B\u00e9n\u00e9voles - Racketlon Canada<\/title>\n<meta name=\"robots\" content=\"index, follow, max-snippet:-1, max-image-preview:large, max-video-preview:-1\" \/>\n<link rel=\"canonical\" href=\"https:\/\/www.racketlon.ca\/fr\/a-propos\/racketloncanada\/benevolat\/\" \/>\n<meta property=\"og:locale\" content=\"fr_FR\" \/>\n<meta property=\"og:type\" content=\"article\" \/>\n<meta property=\"og:title\" content=\"B\u00e9n\u00e9voles - Racketlon Canada\" \/>\n<meta property=\"og:description\" content=\"[...]Lire la suite\u2026 from B\u00e9n\u00e9voles\" \/>\n<meta property=\"og:url\" content=\"https:\/\/www.racketlon.ca\/fr\/a-propos\/racketloncanada\/benevolat\/\" \/>\n<meta property=\"og:site_name\" content=\"Racketlon Canada\" \/>\n<meta name=\"twitter:card\" content=\"summary_large_image\" \/>\n<script type=\"application\/ld+json\" class=\"yoast-schema-graph\">{\"@context\":\"https:\/\/schema.org\",\"@graph\":[{\"@type\":\"WebPage\",\"@id\":\"https:\/\/www.racketlon.ca\/fr\/a-propos\/racketloncanada\/benevolat\/\",\"url\":\"https:\/\/www.racketlon.ca\/fr\/a-propos\/racketloncanada\/benevolat\/\",\"name\":\"B\u00e9n\u00e9voles - Racketlon Canada\",\"isPartOf\":{\"@id\":\"https:\/\/www.racketlon.ca\/fr\/#website\"},\"datePublished\":\"2012-08-22T04:00:00+00:00\",\"dateModified\":\"2012-08-22T04:00:00+00:00\",\"breadcrumb\":{\"@id\":\"https:\/\/www.racketlon.ca\/fr\/a-propos\/racketloncanada\/benevolat\/#breadcrumb\"},\"inLanguage\":\"fr-FR\",\"potentialAction\":[{\"@type\":\"ReadAction\",\"target\":[\"https:\/\/www.racketlon.ca\/fr\/a-propos\/racketloncanada\/benevolat\/\"]}]},{\"@type\":\"BreadcrumbList\",\"@id\":\"https:\/\/www.racketlon.ca\/fr\/a-propos\/racketloncanada\/benevolat\/#breadcrumb\",\"itemListElement\":[{\"@type\":\"ListItem\",\"position\":1,\"name\":\"Accueil\",\"item\":\"https:\/\/www.racketlon.ca\/fr\/bienvenue-chez-racketlon-canada\/\"},{\"@type\":\"ListItem\",\"position\":2,\"name\":\"\u00c0 propos\",\"item\":\"https:\/\/www.racketlon.ca\/fr\/a-propos\/\"},{\"@type\":\"ListItem\",\"position\":3,\"name\":\"Racketlon Canada\",\"item\":\"https:\/\/www.racketlon.ca\/fr\/a-propos\/racketloncanada\/\"},{\"@type\":\"ListItem\",\"position\":4,\"name\":\"B\u00e9n\u00e9voles\"}]},{\"@type\":\"WebSite\",\"@id\":\"https:\/\/www.racketlon.ca\/fr\/#website\",\"url\":\"https:\/\/www.racketlon.ca\/fr\/\",\"name\":\"Racketlon Canada\",\"description\":\"Racketlon is the combination of the four biggest racket sports in the world: Table Tennis, Badminton, Squash and Tennis.\",\"potentialAction\":[{\"@type\":\"SearchAction\",\"target\":{\"@type\":\"EntryPoint\",\"urlTemplate\":\"https:\/\/www.racketlon.ca\/fr\/?s={search_term_string}\"},\"query-input\":\"required name=search_term_string\"}],\"inLanguage\":\"fr-FR\"}]}<\/script>\n<!-- \/ Yoast SEO plugin. -->","yoast_head_json":{"title":"B\u00e9n\u00e9voles - Racketlon Canada","robots":{"index":"index","follow":"follow","max-snippet":"max-snippet:-1","max-image-preview":"max-image-preview:large","max-video-preview":"max-video-preview:-1"},"canonical":"https:\/\/www.racketlon.ca\/fr\/a-propos\/racketloncanada\/benevolat\/","og_locale":"fr_FR","og_type":"article","og_title":"B\u00e9n\u00e9voles - Racketlon Canada","og_description":"[...]Lire la suite\u2026 from B\u00e9n\u00e9voles","og_url":"https:\/\/www.racketlon.ca\/fr\/a-propos\/racketloncanada\/benevolat\/","og_site_name":"Racketlon Canada","twitter_card":"summary_large_image","schema":{"@context":"https:\/\/schema.org","@graph":[{"@type":"WebPage","@id":"https:\/\/www.racketlon.ca\/fr\/a-propos\/racketloncanada\/benevolat\/","url":"https:\/\/www.racketlon.ca\/fr\/a-propos\/racketloncanada\/benevolat\/","name":"B\u00e9n\u00e9voles - Racketlon Canada","isPartOf":{"@id":"https:\/\/www.racketlon.ca\/fr\/#website"},"datePublished":"2012-08-22T04:00:00+00:00","dateModified":"2012-08-22T04:00:00+00:00","breadcrumb":{"@id":"https:\/\/www.racketlon.ca\/fr\/a-propos\/racketloncanada\/benevolat\/#breadcrumb"},"inLanguage":"fr-FR","potentialAction":[{"@type":"ReadAction","target":["https:\/\/www.racketlon.ca\/fr\/a-propos\/racketloncanada\/benevolat\/"]}]},{"@type":"BreadcrumbList","@id":"https:\/\/www.racketlon.ca\/fr\/a-propos\/racketloncanada\/benevolat\/#breadcrumb","itemListElement":[{"@type":"ListItem","position":1,"name":"Accueil","item":"https:\/\/www.racketlon.ca\/fr\/bienvenue-chez-racketlon-canada\/"},{"@type":"ListItem","position":2,"name":"\u00c0 propos","item":"https:\/\/www.racketlon.ca\/fr\/a-propos\/"},{"@type":"ListItem","position":3,"name":"Racketlon Canada","item":"https:\/\/www.racketlon.ca\/fr\/a-propos\/racketloncanada\/"},{"@type":"ListItem","position":4,"name":"B\u00e9n\u00e9voles"}]},{"@type":"WebSite","@id":"https:\/\/www.racketlon.ca\/fr\/#website","url":"https:\/\/www.racketlon.ca\/fr\/","name":"Racketlon Canada","description":"Racketlon is the combination of the four biggest racket sports in the world: Table Tennis, Badminton, Squash and Tennis.","potentialAction":[{"@type":"SearchAction","target":{"@type":"EntryPoint","urlTemplate":"https:\/\/www.racketlon.ca\/fr\/?s={search_term_string}"},"query-input":"required name=search_term_string"}],"inLanguage":"fr-FR"}]}},"_links":{"self":[{"href":"https:\/\/www.racketlon.ca\/fr\/wp-json\/wp\/v2\/pages\/5976","targetHints":{"allow":["GET"]}}],"collection":[{"href":"https:\/\/www.racketlon.ca\/fr\/wp-json\/wp\/v2\/pages"}],"about":[{"href":"https:\/\/www.racketlon.ca\/fr\/wp-json\/wp\/v2\/types\/page"}],"author":[{"embeddable":true,"href":"https:\/\/www.racketlon.ca\/fr\/wp-json\/wp\/v2\/users\/1"}],"replies":[{"embeddable":true,"href":"https:\/\/www.racketlon.ca\/fr\/wp-json\/wp\/v2\/comments?post=5976"}],"version-history":[{"count":0,"href":"https:\/\/www.racketlon.ca\/fr\/wp-json\/wp\/v2\/pages\/5976\/revisions"}],"up":[{"embeddable":true,"href":"https:\/\/www.racketlon.ca\/fr\/wp-json\/wp\/v2\/pages\/5968"}],"wp:attachment":[{"href":"https:\/\/www.racketlon.ca\/fr\/wp-json\/wp\/v2\/media?parent=5976"}],"curies":[{"name":"wp","href":"https:\/\/api.w.org\/{rel}","templated":true}]}}