{"id":5969,"date":"2012-08-22T00:00:00","date_gmt":"2012-08-22T04:00:00","guid":{"rendered":"https:\/\/www.racketlon.ca\/?page_id=5969"},"modified":"2012-08-22T00:00:00","modified_gmt":"2012-08-22T04:00:00","slug":"conseil","status":"publish","type":"page","link":"https:\/\/www.racketlon.ca\/fr\/a-propos\/racketloncanada\/conseil\/","title":{"rendered":"Conseil d&rsquo;administration"},"content":{"rendered":"<p>Voici les Directeurs de Racketlon Canada, leurs titres et leur provenance: <\/p>\n<ul>\n<li>President Rob Edward (Ottawa)<\/li>\n<li>Tr\u00e9sorier: Steve Mikovich (Ottawa)<\/li>\n<li>Capitaine de l&rsquo;\u00e9quipe nationale: Dany Lessard (Dorval)<\/li>\n<li>Directeur de la r\u00e9gion Toronto: Jamie Herman (Toronto)<\/li>\n<li>Directeur Social Media: Mike Martynyshyn \u00a0(Barry, Ont)<\/li>\n<li>Directeur du d\u00e9veloppement de l&rsquo;Ouest: Evan Mancer (Winnipeg)<\/li>\n<li>Directeur des classements et du Pacifique: Damaris Brix (Victoria)<\/li>\n<li>Directeur des tournois et vice-pr\u00e9sident: Rodrigue Bedard (Deux-Montagnes)<\/li>\n<li>Directeur techologique et webmestre: Jeremy Easterbrook (Montr\u00e9al)<\/li>\n<li>Repr\u00e9sentant des athl\u00e8tes: Frederic D&rsquo;Amours (Rivi\u00e8re-du-Loup)<\/li>\n<li>Commisssion Junior : Rob Edwards, Rod Bedard, Pat Laplante (Ganby) and Carlos Loo (Ottawa)<\/li>\n<li><\/li>\n<li><\/li>\n<\/ul>\n<p> -Proc\u00e8s-verbal <a href=\"https:\/\/www.racketlon.ca\/wp-content\/uploads\/2012\/08\/Racketlon-Canada-Board-Minutes-Aug.2012.pdf\">\u00a0Board Minutes Aug.2012<\/a>\u00a0(anglais)  &#8211;Proc\u00e8s verbal<a href=\"https:\/\/www.racketlon.ca\/wp-content\/uploads\/2010\/08\/Minutes-from-AGM2011-6.pdf\">\u00a0du meeting du 2011-6 (anglais)<\/a><\/p>\n","protected":false},"excerpt":{"rendered":"<p> [&#8230;]<\/p>\n<p><a class=\"btn btn-secondary understrap-read-more-link\" href=\"https:\/\/www.racketlon.ca\/fr\/a-propos\/racketloncanada\/conseil\/\">Lire la suite\u2026<span class=\"screen-reader-text\"> from Conseil d&rsquo;administration<\/span><\/a><\/p>\n","protected":false},"author":1,"featured_media":0,"parent":5968,"menu_order":0,"comment_status":"open","ping_status":"open","template":"","meta":{"footnotes":""},"class_list":["post-5969","page","type-page","status-publish","hentry"],"yoast_head":"<!-- This site is optimized with the Yoast SEO plugin v22.9 - https:\/\/yoast.com\/wordpress\/plugins\/seo\/ -->\n<title>Conseil d&#039;administration - Racketlon Canada<\/title>\n<meta name=\"robots\" content=\"index, follow, max-snippet:-1, max-image-preview:large, max-video-preview:-1\" \/>\n<link rel=\"canonical\" href=\"https:\/\/www.racketlon.ca\/fr\/a-propos\/racketloncanada\/conseil\/\" \/>\n<meta property=\"og:locale\" content=\"fr_FR\" \/>\n<meta property=\"og:type\" content=\"article\" \/>\n<meta property=\"og:title\" content=\"Conseil d&#039;administration - Racketlon Canada\" \/>\n<meta property=\"og:description\" content=\"[...]Lire la suite\u2026 from Conseil d&rsquo;administration\" \/>\n<meta property=\"og:url\" content=\"https:\/\/www.racketlon.ca\/fr\/a-propos\/racketloncanada\/conseil\/\" \/>\n<meta property=\"og:site_name\" content=\"Racketlon Canada\" \/>\n<meta name=\"twitter:card\" content=\"summary_large_image\" \/>\n<meta name=\"twitter:label1\" content=\"Dur\u00e9e de lecture estim\u00e9e\" \/>\n\t<meta name=\"twitter:data1\" content=\"1 minute\" \/>\n<script type=\"application\/ld+json\" class=\"yoast-schema-graph\">{\"@context\":\"https:\/\/schema.org\",\"@graph\":[{\"@type\":\"WebPage\",\"@id\":\"https:\/\/www.racketlon.ca\/fr\/a-propos\/racketloncanada\/conseil\/\",\"url\":\"https:\/\/www.racketlon.ca\/fr\/a-propos\/racketloncanada\/conseil\/\",\"name\":\"Conseil d'administration - Racketlon Canada\",\"isPartOf\":{\"@id\":\"https:\/\/www.racketlon.ca\/fr\/#website\"},\"datePublished\":\"2012-08-22T04:00:00+00:00\",\"dateModified\":\"2012-08-22T04:00:00+00:00\",\"breadcrumb\":{\"@id\":\"https:\/\/www.racketlon.ca\/fr\/a-propos\/racketloncanada\/conseil\/#breadcrumb\"},\"inLanguage\":\"fr-FR\",\"potentialAction\":[{\"@type\":\"ReadAction\",\"target\":[\"https:\/\/www.racketlon.ca\/fr\/a-propos\/racketloncanada\/conseil\/\"]}]},{\"@type\":\"BreadcrumbList\",\"@id\":\"https:\/\/www.racketlon.ca\/fr\/a-propos\/racketloncanada\/conseil\/#breadcrumb\",\"itemListElement\":[{\"@type\":\"ListItem\",\"position\":1,\"name\":\"Accueil\",\"item\":\"https:\/\/www.racketlon.ca\/fr\/bienvenue-chez-racketlon-canada\/\"},{\"@type\":\"ListItem\",\"position\":2,\"name\":\"\u00c0 propos\",\"item\":\"https:\/\/www.racketlon.ca\/fr\/a-propos\/\"},{\"@type\":\"ListItem\",\"position\":3,\"name\":\"Racketlon Canada\",\"item\":\"https:\/\/www.racketlon.ca\/fr\/a-propos\/racketloncanada\/\"},{\"@type\":\"ListItem\",\"position\":4,\"name\":\"Conseil d&#8217;administration\"}]},{\"@type\":\"WebSite\",\"@id\":\"https:\/\/www.racketlon.ca\/fr\/#website\",\"url\":\"https:\/\/www.racketlon.ca\/fr\/\",\"name\":\"Racketlon Canada\",\"description\":\"Racketlon is the combination of the four biggest racket sports in the world: Table Tennis, Badminton, Squash and Tennis.\",\"potentialAction\":[{\"@type\":\"SearchAction\",\"target\":{\"@type\":\"EntryPoint\",\"urlTemplate\":\"https:\/\/www.racketlon.ca\/fr\/?s={search_term_string}\"},\"query-input\":\"required name=search_term_string\"}],\"inLanguage\":\"fr-FR\"}]}<\/script>\n<!-- \/ Yoast SEO plugin. -->","yoast_head_json":{"title":"Conseil d'administration - Racketlon Canada","robots":{"index":"index","follow":"follow","max-snippet":"max-snippet:-1","max-image-preview":"max-image-preview:large","max-video-preview":"max-video-preview:-1"},"canonical":"https:\/\/www.racketlon.ca\/fr\/a-propos\/racketloncanada\/conseil\/","og_locale":"fr_FR","og_type":"article","og_title":"Conseil d'administration - Racketlon Canada","og_description":"[...]Lire la suite\u2026 from Conseil d&rsquo;administration","og_url":"https:\/\/www.racketlon.ca\/fr\/a-propos\/racketloncanada\/conseil\/","og_site_name":"Racketlon Canada","twitter_card":"summary_large_image","twitter_misc":{"Dur\u00e9e de lecture estim\u00e9e":"1 minute"},"schema":{"@context":"https:\/\/schema.org","@graph":[{"@type":"WebPage","@id":"https:\/\/www.racketlon.ca\/fr\/a-propos\/racketloncanada\/conseil\/","url":"https:\/\/www.racketlon.ca\/fr\/a-propos\/racketloncanada\/conseil\/","name":"Conseil d'administration - Racketlon Canada","isPartOf":{"@id":"https:\/\/www.racketlon.ca\/fr\/#website"},"datePublished":"2012-08-22T04:00:00+00:00","dateModified":"2012-08-22T04:00:00+00:00","breadcrumb":{"@id":"https:\/\/www.racketlon.ca\/fr\/a-propos\/racketloncanada\/conseil\/#breadcrumb"},"inLanguage":"fr-FR","potentialAction":[{"@type":"ReadAction","target":["https:\/\/www.racketlon.ca\/fr\/a-propos\/racketloncanada\/conseil\/"]}]},{"@type":"BreadcrumbList","@id":"https:\/\/www.racketlon.ca\/fr\/a-propos\/racketloncanada\/conseil\/#breadcrumb","itemListElement":[{"@type":"ListItem","position":1,"name":"Accueil","item":"https:\/\/www.racketlon.ca\/fr\/bienvenue-chez-racketlon-canada\/"},{"@type":"ListItem","position":2,"name":"\u00c0 propos","item":"https:\/\/www.racketlon.ca\/fr\/a-propos\/"},{"@type":"ListItem","position":3,"name":"Racketlon Canada","item":"https:\/\/www.racketlon.ca\/fr\/a-propos\/racketloncanada\/"},{"@type":"ListItem","position":4,"name":"Conseil d&#8217;administration"}]},{"@type":"WebSite","@id":"https:\/\/www.racketlon.ca\/fr\/#website","url":"https:\/\/www.racketlon.ca\/fr\/","name":"Racketlon Canada","description":"Racketlon is the combination of the four biggest racket sports in the world: Table Tennis, Badminton, Squash and Tennis.","potentialAction":[{"@type":"SearchAction","target":{"@type":"EntryPoint","urlTemplate":"https:\/\/www.racketlon.ca\/fr\/?s={search_term_string}"},"query-input":"required name=search_term_string"}],"inLanguage":"fr-FR"}]}},"_links":{"self":[{"href":"https:\/\/www.racketlon.ca\/fr\/wp-json\/wp\/v2\/pages\/5969","targetHints":{"allow":["GET"]}}],"collection":[{"href":"https:\/\/www.racketlon.ca\/fr\/wp-json\/wp\/v2\/pages"}],"about":[{"href":"https:\/\/www.racketlon.ca\/fr\/wp-json\/wp\/v2\/types\/page"}],"author":[{"embeddable":true,"href":"https:\/\/www.racketlon.ca\/fr\/wp-json\/wp\/v2\/users\/1"}],"replies":[{"embeddable":true,"href":"https:\/\/www.racketlon.ca\/fr\/wp-json\/wp\/v2\/comments?post=5969"}],"version-history":[{"count":0,"href":"https:\/\/www.racketlon.ca\/fr\/wp-json\/wp\/v2\/pages\/5969\/revisions"}],"up":[{"embeddable":true,"href":"https:\/\/www.racketlon.ca\/fr\/wp-json\/wp\/v2\/pages\/5968"}],"wp:attachment":[{"href":"https:\/\/www.racketlon.ca\/fr\/wp-json\/wp\/v2\/media?parent=5969"}],"curies":[{"name":"wp","href":"https:\/\/api.w.org\/{rel}","templated":true}]}}