{"id":5965,"date":"2012-08-22T00:00:00","date_gmt":"2012-08-22T04:00:00","guid":{"rendered":"https:\/\/www.racketlon.ca\/?page_id=5965"},"modified":"2012-08-22T00:00:00","modified_gmt":"2012-08-22T04:00:00","slug":"comment-jouer","status":"publish","type":"page","link":"https:\/\/www.racketlon.ca\/fr\/a-propos\/comment-jouer\/","title":{"rendered":"Comment jouer"},"content":{"rendered":"<p>Le concept du racketlon est deux athl\u00e8tes qui s&rsquo;affrontent (quatre en double) dans chacun des quatre sports de raquettes: tennis de table, badminton, squash, tennis.  Chaque sport est gagn\u00e9 par le premier qui se rend \u00e0 21 points.\u00a0Les sets sont jou\u00e9s dans l&rsquo;ordre suivant (de la plus petite raquette \u00e0 la plus grande): tennis de table, badminton, squash, tennis.  \u00c0 la fin, le gagnant est le joueur (ou paire en double) qui a cumul\u00e9 le plus de points dans le match de racketlon. Un joueur pourrait perdre trois sports mais quand m\u00eame gagner le match (par exemple: tt:18-21, ba: 18-21, sq18-21, te: 21-5).  Outre le syst\u00e8me de points et les r\u00e8gles de services, chaque sport suit les conventions et les r\u00e8glements de leurs sports respectifs.<\/p>\n","protected":false},"excerpt":{"rendered":"<p> [&#8230;]<\/p>\n<p><a class=\"btn btn-secondary understrap-read-more-link\" href=\"https:\/\/www.racketlon.ca\/fr\/a-propos\/comment-jouer\/\">Lire la suite\u2026<span class=\"screen-reader-text\"> from Comment jouer<\/span><\/a><\/p>\n","protected":false},"author":1,"featured_media":0,"parent":5964,"menu_order":0,"comment_status":"open","ping_status":"open","template":"","meta":{"footnotes":""},"class_list":["post-5965","page","type-page","status-publish","hentry"],"yoast_head":"<!-- This site is optimized with the Yoast SEO plugin v22.9 - https:\/\/yoast.com\/wordpress\/plugins\/seo\/ -->\n<title>Comment jouer - Racketlon Canada<\/title>\n<meta name=\"robots\" content=\"index, follow, max-snippet:-1, max-image-preview:large, max-video-preview:-1\" \/>\n<link rel=\"canonical\" href=\"https:\/\/www.racketlon.ca\/fr\/a-propos\/comment-jouer\/\" \/>\n<meta property=\"og:locale\" content=\"fr_FR\" \/>\n<meta property=\"og:type\" content=\"article\" \/>\n<meta property=\"og:title\" content=\"Comment jouer - Racketlon Canada\" \/>\n<meta property=\"og:description\" content=\"[...]Lire la suite\u2026 from Comment jouer\" \/>\n<meta property=\"og:url\" content=\"https:\/\/www.racketlon.ca\/fr\/a-propos\/comment-jouer\/\" \/>\n<meta property=\"og:site_name\" content=\"Racketlon Canada\" \/>\n<meta name=\"twitter:card\" content=\"summary_large_image\" \/>\n<meta name=\"twitter:label1\" content=\"Dur\u00e9e de lecture estim\u00e9e\" \/>\n\t<meta name=\"twitter:data1\" content=\"1 minute\" \/>\n<script type=\"application\/ld+json\" class=\"yoast-schema-graph\">{\"@context\":\"https:\/\/schema.org\",\"@graph\":[{\"@type\":\"WebPage\",\"@id\":\"https:\/\/www.racketlon.ca\/fr\/a-propos\/comment-jouer\/\",\"url\":\"https:\/\/www.racketlon.ca\/fr\/a-propos\/comment-jouer\/\",\"name\":\"Comment jouer - Racketlon Canada\",\"isPartOf\":{\"@id\":\"https:\/\/www.racketlon.ca\/fr\/#website\"},\"datePublished\":\"2012-08-22T04:00:00+00:00\",\"dateModified\":\"2012-08-22T04:00:00+00:00\",\"breadcrumb\":{\"@id\":\"https:\/\/www.racketlon.ca\/fr\/a-propos\/comment-jouer\/#breadcrumb\"},\"inLanguage\":\"fr-FR\",\"potentialAction\":[{\"@type\":\"ReadAction\",\"target\":[\"https:\/\/www.racketlon.ca\/fr\/a-propos\/comment-jouer\/\"]}]},{\"@type\":\"BreadcrumbList\",\"@id\":\"https:\/\/www.racketlon.ca\/fr\/a-propos\/comment-jouer\/#breadcrumb\",\"itemListElement\":[{\"@type\":\"ListItem\",\"position\":1,\"name\":\"Accueil\",\"item\":\"https:\/\/www.racketlon.ca\/fr\/bienvenue-chez-racketlon-canada\/\"},{\"@type\":\"ListItem\",\"position\":2,\"name\":\"\u00c0 propos\",\"item\":\"https:\/\/www.racketlon.ca\/fr\/a-propos\/\"},{\"@type\":\"ListItem\",\"position\":3,\"name\":\"Comment jouer\"}]},{\"@type\":\"WebSite\",\"@id\":\"https:\/\/www.racketlon.ca\/fr\/#website\",\"url\":\"https:\/\/www.racketlon.ca\/fr\/\",\"name\":\"Racketlon Canada\",\"description\":\"Racketlon is the combination of the four biggest racket sports in the world: Table Tennis, Badminton, Squash and Tennis.\",\"potentialAction\":[{\"@type\":\"SearchAction\",\"target\":{\"@type\":\"EntryPoint\",\"urlTemplate\":\"https:\/\/www.racketlon.ca\/fr\/?s={search_term_string}\"},\"query-input\":\"required name=search_term_string\"}],\"inLanguage\":\"fr-FR\"}]}<\/script>\n<!-- \/ Yoast SEO plugin. -->","yoast_head_json":{"title":"Comment jouer - Racketlon Canada","robots":{"index":"index","follow":"follow","max-snippet":"max-snippet:-1","max-image-preview":"max-image-preview:large","max-video-preview":"max-video-preview:-1"},"canonical":"https:\/\/www.racketlon.ca\/fr\/a-propos\/comment-jouer\/","og_locale":"fr_FR","og_type":"article","og_title":"Comment jouer - Racketlon Canada","og_description":"[...]Lire la suite\u2026 from Comment jouer","og_url":"https:\/\/www.racketlon.ca\/fr\/a-propos\/comment-jouer\/","og_site_name":"Racketlon Canada","twitter_card":"summary_large_image","twitter_misc":{"Dur\u00e9e de lecture estim\u00e9e":"1 minute"},"schema":{"@context":"https:\/\/schema.org","@graph":[{"@type":"WebPage","@id":"https:\/\/www.racketlon.ca\/fr\/a-propos\/comment-jouer\/","url":"https:\/\/www.racketlon.ca\/fr\/a-propos\/comment-jouer\/","name":"Comment jouer - Racketlon Canada","isPartOf":{"@id":"https:\/\/www.racketlon.ca\/fr\/#website"},"datePublished":"2012-08-22T04:00:00+00:00","dateModified":"2012-08-22T04:00:00+00:00","breadcrumb":{"@id":"https:\/\/www.racketlon.ca\/fr\/a-propos\/comment-jouer\/#breadcrumb"},"inLanguage":"fr-FR","potentialAction":[{"@type":"ReadAction","target":["https:\/\/www.racketlon.ca\/fr\/a-propos\/comment-jouer\/"]}]},{"@type":"BreadcrumbList","@id":"https:\/\/www.racketlon.ca\/fr\/a-propos\/comment-jouer\/#breadcrumb","itemListElement":[{"@type":"ListItem","position":1,"name":"Accueil","item":"https:\/\/www.racketlon.ca\/fr\/bienvenue-chez-racketlon-canada\/"},{"@type":"ListItem","position":2,"name":"\u00c0 propos","item":"https:\/\/www.racketlon.ca\/fr\/a-propos\/"},{"@type":"ListItem","position":3,"name":"Comment jouer"}]},{"@type":"WebSite","@id":"https:\/\/www.racketlon.ca\/fr\/#website","url":"https:\/\/www.racketlon.ca\/fr\/","name":"Racketlon Canada","description":"Racketlon is the combination of the four biggest racket sports in the world: Table Tennis, Badminton, Squash and Tennis.","potentialAction":[{"@type":"SearchAction","target":{"@type":"EntryPoint","urlTemplate":"https:\/\/www.racketlon.ca\/fr\/?s={search_term_string}"},"query-input":"required name=search_term_string"}],"inLanguage":"fr-FR"}]}},"_links":{"self":[{"href":"https:\/\/www.racketlon.ca\/fr\/wp-json\/wp\/v2\/pages\/5965","targetHints":{"allow":["GET"]}}],"collection":[{"href":"https:\/\/www.racketlon.ca\/fr\/wp-json\/wp\/v2\/pages"}],"about":[{"href":"https:\/\/www.racketlon.ca\/fr\/wp-json\/wp\/v2\/types\/page"}],"author":[{"embeddable":true,"href":"https:\/\/www.racketlon.ca\/fr\/wp-json\/wp\/v2\/users\/1"}],"replies":[{"embeddable":true,"href":"https:\/\/www.racketlon.ca\/fr\/wp-json\/wp\/v2\/comments?post=5965"}],"version-history":[{"count":0,"href":"https:\/\/www.racketlon.ca\/fr\/wp-json\/wp\/v2\/pages\/5965\/revisions"}],"up":[{"embeddable":true,"href":"https:\/\/www.racketlon.ca\/fr\/wp-json\/wp\/v2\/pages\/5964"}],"wp:attachment":[{"href":"https:\/\/www.racketlon.ca\/fr\/wp-json\/wp\/v2\/media?parent=5965"}],"curies":[{"name":"wp","href":"https:\/\/api.w.org\/{rel}","templated":true}]}}